{"id":20,"date":"2024-08-05T14:55:30","date_gmt":"2024-08-05T12:55:30","guid":{"rendered":"http:\/\/martelonline.pl\/?page_id=20"},"modified":"2024-08-12T11:21:52","modified_gmt":"2024-08-12T09:21:52","slug":"uslugi","status":"publish","type":"page","link":"http:\/\/martelonline.pl\/index.php\/uslugi\/","title":{"rendered":"Us\u0142ugi"},"content":{"rendered":"\t\t<div data-elementor-type=\"wp-page\" data-elementor-id=\"20\" class=\"elementor elementor-20\" data-elementor-post-type=\"page\">\n\t\t\t\t\t\t<section class=\"elementor-section elementor-top-section elementor-element elementor-element-11a7c883 elementor-section-boxed elementor-section-height-default elementor-section-height-default\" data-id=\"11a7c883\" data-element_type=\"section\" data-settings=\"{&quot;background_background&quot;:&quot;classic&quot;,&quot;ekit_has_onepagescroll_dot&quot;:&quot;yes&quot;}\">\n\t\t\t\t\t\t\t<div class=\"elementor-background-overlay\"><\/div>\n\t\t\t\t\t\t\t<div class=\"elementor-container elementor-column-gap-default\">\n\t\t\t\t\t<div class=\"elementor-column elementor-col-100 elementor-top-column elementor-element elementor-element-195c4f28\" data-id=\"195c4f28\" data-element_type=\"column\">\n\t\t\t<div class=\"elementor-widget-wrap elementor-element-populated\">\n\t\t\t\t\t\t<div class=\"elementor-element elementor-element-2beec17c elementor-widget elementor-widget-heading\" data-id=\"2beec17c\" data-element_type=\"widget\" data-settings=\"{&quot;ekit_we_effect_on&quot;:&quot;none&quot;}\" data-widget_type=\"heading.default\">\n\t\t\t\t<div class=\"elementor-widget-container\">\n\t\t\t<style>\/*! elementor - v3.21.0 - 25-04-2024 *\/\n.elementor-heading-title{padding:0;margin:0;line-height:1}.elementor-widget-heading .elementor-heading-title[class*=elementor-size-]>a{color:inherit;font-size:inherit;line-height:inherit}.elementor-widget-heading .elementor-heading-title.elementor-size-small{font-size:15px}.elementor-widget-heading .elementor-heading-title.elementor-size-medium{font-size:19px}.elementor-widget-heading .elementor-heading-title.elementor-size-large{font-size:29px}.elementor-widget-heading .elementor-heading-title.elementor-size-xl{font-size:39px}.elementor-widget-heading .elementor-heading-title.elementor-size-xxl{font-size:59px}<\/style><h1 class=\"elementor-heading-title elementor-size-default\">Us\u0142ugi <\/h1>\t\t<\/div>\n\t\t\t\t<\/div>\n\t\t\t\t\t<\/div>\n\t\t<\/div>\n\t\t\t\t\t<\/div>\n\t\t<\/section>\n\t\t\t\t<section class=\"elementor-section elementor-top-section elementor-element elementor-element-5da1c717 elementor-section-boxed elementor-section-height-default elementor-section-height-default\" data-id=\"5da1c717\" data-element_type=\"section\" data-settings=\"{&quot;background_background&quot;:&quot;classic&quot;,&quot;ekit_has_onepagescroll_dot&quot;:&quot;yes&quot;}\">\n\t\t\t\t\t\t<div class=\"elementor-container elementor-column-gap-no\">\n\t\t\t\t\t<div class=\"elementor-column elementor-col-100 elementor-top-column elementor-element elementor-element-5504e1e6\" data-id=\"5504e1e6\" data-element_type=\"column\">\n\t\t\t<div class=\"elementor-widget-wrap elementor-element-populated\">\n\t\t\t\t\t\t<div class=\"elementor-element elementor-element-3af8e4bf elementor-widget elementor-widget-heading\" data-id=\"3af8e4bf\" data-element_type=\"widget\" data-settings=\"{&quot;ekit_we_effect_on&quot;:&quot;none&quot;}\" data-widget_type=\"heading.default\">\n\t\t\t\t<div class=\"elementor-widget-container\">\n\t\t\t<h2 class=\"elementor-heading-title elementor-size-default\">Oferujemy do Pa\u0144stwa dyspozycji us\u0142ugi w nast\u0119puj\u0105cych dziedzinach:<\/h2>\t\t<\/div>\n\t\t\t\t<\/div>\n\t\t\t\t\t<\/div>\n\t\t<\/div>\n\t\t\t\t\t<\/div>\n\t\t<\/section>\n\t\t\t\t<section class=\"elementor-section elementor-top-section elementor-element elementor-element-4fe92ffb elementor-section-boxed elementor-section-height-default elementor-section-height-default\" data-id=\"4fe92ffb\" data-element_type=\"section\" data-settings=\"{&quot;ekit_has_onepagescroll_dot&quot;:&quot;yes&quot;}\">\n\t\t\t\t\t\t<div class=\"elementor-container elementor-column-gap-no\">\n\t\t\t\t\t<div class=\"elementor-column elementor-col-100 elementor-top-column elementor-element elementor-element-9ca06fb\" data-id=\"9ca06fb\" data-element_type=\"column\">\n\t\t\t<div class=\"elementor-widget-wrap elementor-element-populated\">\n\t\t\t\t\t\t<section class=\"elementor-section elementor-inner-section elementor-element elementor-element-401b0230 elementor-section-boxed elementor-section-height-default elementor-section-height-default\" data-id=\"401b0230\" data-element_type=\"section\" data-settings=\"{&quot;ekit_has_onepagescroll_dot&quot;:&quot;yes&quot;}\">\n\t\t\t\t\t\t<div class=\"elementor-container elementor-column-gap-default\">\n\t\t\t\t\t<div class=\"elementor-column elementor-col-50 elementor-inner-column elementor-element elementor-element-53938904\" data-id=\"53938904\" data-element_type=\"column\">\n\t\t\t<div class=\"elementor-widget-wrap elementor-element-populated\">\n\t\t\t\t\t\t<div class=\"elementor-element elementor-element-e127155 elementor-widget elementor-widget-image\" data-id=\"e127155\" data-element_type=\"widget\" data-settings=\"{&quot;ekit_we_effect_on&quot;:&quot;none&quot;}\" data-widget_type=\"image.default\">\n\t\t\t\t<div class=\"elementor-widget-container\">\n\t\t\t<style>\/*! elementor - v3.21.0 - 25-04-2024 *\/\n.elementor-widget-image{text-align:center}.elementor-widget-image a{display:inline-block}.elementor-widget-image a img[src$=\".svg\"]{width:48px}.elementor-widget-image img{vertical-align:middle;display:inline-block}<\/style>\t\t\t\t\t\t\t\t\t\t<img fetchpriority=\"high\" decoding=\"async\" width=\"1000\" height=\"1000\" src=\"http:\/\/martelonline.pl\/wp-content\/uploads\/2024\/08\/Projekt-bez-nazwy-12.png\" class=\"attachment-2048x2048 size-2048x2048 wp-image-786\" alt=\"\" srcset=\"http:\/\/martelonline.pl\/wp-content\/uploads\/2024\/08\/Projekt-bez-nazwy-12.png 1000w, http:\/\/martelonline.pl\/wp-content\/uploads\/2024\/08\/Projekt-bez-nazwy-12-300x300.png 300w, http:\/\/martelonline.pl\/wp-content\/uploads\/2024\/08\/Projekt-bez-nazwy-12-150x150.png 150w, http:\/\/martelonline.pl\/wp-content\/uploads\/2024\/08\/Projekt-bez-nazwy-12-768x768.png 768w\" sizes=\"(max-width: 1000px) 100vw, 1000px\" \/>\t\t\t\t\t\t\t\t\t\t\t\t\t<\/div>\n\t\t\t\t<\/div>\n\t\t\t\t\t<\/div>\n\t\t<\/div>\n\t\t\t\t<div class=\"elementor-column elementor-col-50 elementor-inner-column elementor-element elementor-element-7424a965\" data-id=\"7424a965\" data-element_type=\"column\">\n\t\t\t<div class=\"elementor-widget-wrap elementor-element-populated\">\n\t\t\t\t\t\t<div class=\"elementor-element elementor-element-2d807e4b elementor-widget elementor-widget-heading\" data-id=\"2d807e4b\" data-element_type=\"widget\" data-settings=\"{&quot;ekit_we_effect_on&quot;:&quot;none&quot;}\" data-widget_type=\"heading.default\">\n\t\t\t\t<div class=\"elementor-widget-container\">\n\t\t\t<h2 class=\"elementor-heading-title elementor-size-default\">TRANSPORT<\/h2>\t\t<\/div>\n\t\t\t\t<\/div>\n\t\t\t\t<div class=\"elementor-element elementor-element-6b0b0eea elementor-widget elementor-widget-text-editor\" data-id=\"6b0b0eea\" data-element_type=\"widget\" data-settings=\"{&quot;ekit_we_effect_on&quot;:&quot;none&quot;}\" data-widget_type=\"text-editor.default\">\n\t\t\t\t<div class=\"elementor-widget-container\">\n\t\t\t<style>\/*! elementor - v3.21.0 - 25-04-2024 *\/\n.elementor-widget-text-editor.elementor-drop-cap-view-stacked .elementor-drop-cap{background-color:#69727d;color:#fff}.elementor-widget-text-editor.elementor-drop-cap-view-framed .elementor-drop-cap{color:#69727d;border:3px solid;background-color:transparent}.elementor-widget-text-editor:not(.elementor-drop-cap-view-default) .elementor-drop-cap{margin-top:8px}.elementor-widget-text-editor:not(.elementor-drop-cap-view-default) .elementor-drop-cap-letter{width:1em;height:1em}.elementor-widget-text-editor .elementor-drop-cap{float:left;text-align:center;line-height:1;font-size:50px}.elementor-widget-text-editor .elementor-drop-cap-letter{display:inline-block}<\/style>\t\t\t\t<p>Obecnie oferujemy krajowe i mi\u0119dzynadorowe us\u0142ugi transportowe oparte na flocie ponad 35\u00a0pojazd\u00f3w \u2013 mamy w swoim taborze nast\u0119puj\u0105ce pojazdy:<br \/><strong>Typu MEGA<\/strong> \u2013 o zwi\u0119kszonej wysoko\u015bci do 3 metr\u00f3w<br \/><strong>Typu STANDARD<\/strong> \u2013 z zabudow\u0105 \u201efirankow\u0105\u201d wraz z odsuwanym dachem<br \/><strong>Typu CH\u0141ODNIA<\/strong> \u2013 do transportu produkt\u00f3w ch\u0142odniczych, mro\u017conych oraz z zachowaniem\u00a0odpowiedniego re\u017cimu temperaturowego<br \/><strong>Typu JUMBO<\/strong> \u2013 do 120m3 obj\u0119to\u015bci \u0142adunk\u00f3w doskonale nadaj\u0105ce si\u0119 do przewozu\u00a0produkt\u00f3w obj\u0119to\u015bciowych<br \/><strong>Pojazdy SOLO oraz VAN<\/strong> \u2013 do przewozu mniejszych transport\u00f3w dedykowanych oraz LTL<br \/><strong>Przew\u00f3z kontener\u00f3w morskich z port\u00f3w w Polsce i Europie<\/strong><br \/><strong>Przewozy paletowe w oparciu o systemy paletowe w kraju i za granic\u0105.<\/strong><\/p>\t\t\t\t\t\t<\/div>\n\t\t\t\t<\/div>\n\t\t\t\t\t<\/div>\n\t\t<\/div>\n\t\t\t\t\t<\/div>\n\t\t<\/section>\n\t\t\t\t<section class=\"elementor-section elementor-inner-section elementor-element elementor-element-4d92f6c0 elementor-section-boxed elementor-section-height-default elementor-section-height-default\" data-id=\"4d92f6c0\" data-element_type=\"section\" data-settings=\"{&quot;ekit_has_onepagescroll_dot&quot;:&quot;yes&quot;}\">\n\t\t\t\t\t\t<div class=\"elementor-container elementor-column-gap-default\">\n\t\t\t\t\t<div class=\"elementor-column elementor-col-50 elementor-inner-column elementor-element elementor-element-64430375\" data-id=\"64430375\" data-element_type=\"column\">\n\t\t\t<div class=\"elementor-widget-wrap elementor-element-populated\">\n\t\t\t\t\t\t<div class=\"elementor-element elementor-element-5b07d2ce elementor-widget elementor-widget-image\" data-id=\"5b07d2ce\" data-element_type=\"widget\" data-settings=\"{&quot;ekit_we_effect_on&quot;:&quot;none&quot;}\" data-widget_type=\"image.default\">\n\t\t\t\t<div class=\"elementor-widget-container\">\n\t\t\t\t\t\t\t\t\t\t\t\t\t<img decoding=\"async\" width=\"1000\" height=\"1000\" src=\"http:\/\/martelonline.pl\/wp-content\/uploads\/2024\/08\/2.png\" class=\"attachment-full size-full wp-image-727\" alt=\"\" srcset=\"http:\/\/martelonline.pl\/wp-content\/uploads\/2024\/08\/2.png 1000w, http:\/\/martelonline.pl\/wp-content\/uploads\/2024\/08\/2-300x300.png 300w, http:\/\/martelonline.pl\/wp-content\/uploads\/2024\/08\/2-150x150.png 150w, http:\/\/martelonline.pl\/wp-content\/uploads\/2024\/08\/2-768x768.png 768w\" sizes=\"(max-width: 1000px) 100vw, 1000px\" \/>\t\t\t\t\t\t\t\t\t\t\t\t\t<\/div>\n\t\t\t\t<\/div>\n\t\t\t\t\t<\/div>\n\t\t<\/div>\n\t\t\t\t<div class=\"elementor-column elementor-col-50 elementor-inner-column elementor-element elementor-element-72622c8d\" data-id=\"72622c8d\" data-element_type=\"column\">\n\t\t\t<div class=\"elementor-widget-wrap elementor-element-populated\">\n\t\t\t\t\t\t<div class=\"elementor-element elementor-element-51d3195c elementor-widget elementor-widget-heading\" data-id=\"51d3195c\" data-element_type=\"widget\" data-settings=\"{&quot;ekit_we_effect_on&quot;:&quot;none&quot;}\" data-widget_type=\"heading.default\">\n\t\t\t\t<div class=\"elementor-widget-container\">\n\t\t\t<h2 class=\"elementor-heading-title elementor-size-default\">SPEDYCJA<\/h2>\t\t<\/div>\n\t\t\t\t<\/div>\n\t\t\t\t<div class=\"elementor-element elementor-element-73610a50 elementor-widget elementor-widget-text-editor\" data-id=\"73610a50\" data-element_type=\"widget\" data-settings=\"{&quot;ekit_we_effect_on&quot;:&quot;none&quot;}\" data-widget_type=\"text-editor.default\">\n\t\t\t\t<div class=\"elementor-widget-container\">\n\t\t\t\t\t\t\t<p>Jako dzia\u0142aj\u0105ca niezale\u017cna firma spedycyjno-transportowa oferujemy szereg us\u0142ug z zakresu\u00a0Transportu Spedycji i Logistyki. Jeste\u015bmy r\u00f3wnie\u017c dost\u0119pni na platfornie ticontract, gdzie z\u00a0ch\u0119ci\u0105 nawi\u0105\u017cemy wsp\u00f3\u0142prac\u0119 w zakresie nowych relacji. Klienci szczeg\u00f3lnie ceni\u0105 nas za\u00a0rzetelno\u015b\u0107 wycen, wysoki poziom oferowanych us\u0142ug, obs\u0142ug\u0119 dokumentacyjn\u0105 oraz<br \/>szybko\u015b\u0107 reakcji. Chcesz doda\u0107 nas do swojej platformy \u2013 zapro\u015b nas a na pewno nie\u00a0po\u017ca\u0142ujesz (nasz nr Ticontract to 381297)<br \/>Nasz zesp\u00f3\u0142 specjalist\u00f3w dzia\u0142a 7 dni w tygodniu przez 24 godziny w celu opieki nad\u00a0\u0142adunkami naszych klient\u00f3w. Dobieramy odpowiednie pojazdy do projekt\u00f3w i oczekiwa\u0144 i\u00a0pilnujemy, by ich transport zawsze bezpiecznie dociera\u0142 do celu.<br \/>Dzi\u0119ki wykorzystaniu zaawansowanych narz\u0119dzi IT zar\u00f3wno w zakresie TMS jak i T&amp;T\u00a0jeste\u015bmy w stanie szybko i sprawnie dostarcza\u0107 klientom wiedz\u0119 o statusie i miejscu\u00a0po\u0142o\u017cenia jego \u0142adunku a tak\u017ce w szybkim tempie przedstawia\u0107 mu potwierdzenie dostawy\u00a0zgodnie z jego oczekiwaniem.<\/p>\t\t\t\t\t\t<\/div>\n\t\t\t\t<\/div>\n\t\t\t\t\t<\/div>\n\t\t<\/div>\n\t\t\t\t\t<\/div>\n\t\t<\/section>\n\t\t\t\t<section class=\"elementor-section elementor-inner-section elementor-element elementor-element-018c8f6 elementor-section-boxed elementor-section-height-default elementor-section-height-default\" data-id=\"018c8f6\" data-element_type=\"section\" data-settings=\"{&quot;ekit_has_onepagescroll_dot&quot;:&quot;yes&quot;}\">\n\t\t\t\t\t\t<div class=\"elementor-container elementor-column-gap-default\">\n\t\t\t\t\t<div class=\"elementor-column elementor-col-50 elementor-inner-column elementor-element elementor-element-bc29be6\" data-id=\"bc29be6\" data-element_type=\"column\">\n\t\t\t<div class=\"elementor-widget-wrap elementor-element-populated\">\n\t\t\t\t\t\t<div class=\"elementor-element elementor-element-e870df1 elementor-widget elementor-widget-image\" data-id=\"e870df1\" data-element_type=\"widget\" data-settings=\"{&quot;ekit_we_effect_on&quot;:&quot;none&quot;}\" data-widget_type=\"image.default\">\n\t\t\t\t<div class=\"elementor-widget-container\">\n\t\t\t\t\t\t\t\t\t\t\t\t\t<img decoding=\"async\" width=\"1000\" height=\"1000\" src=\"http:\/\/martelonline.pl\/wp-content\/uploads\/2024\/08\/3.png\" class=\"attachment-full size-full wp-image-728\" alt=\"\" srcset=\"http:\/\/martelonline.pl\/wp-content\/uploads\/2024\/08\/3.png 1000w, http:\/\/martelonline.pl\/wp-content\/uploads\/2024\/08\/3-300x300.png 300w, http:\/\/martelonline.pl\/wp-content\/uploads\/2024\/08\/3-150x150.png 150w, http:\/\/martelonline.pl\/wp-content\/uploads\/2024\/08\/3-768x768.png 768w\" sizes=\"(max-width: 1000px) 100vw, 1000px\" \/>\t\t\t\t\t\t\t\t\t\t\t\t\t<\/div>\n\t\t\t\t<\/div>\n\t\t\t\t\t<\/div>\n\t\t<\/div>\n\t\t\t\t<div class=\"elementor-column elementor-col-50 elementor-inner-column elementor-element elementor-element-80d5ca0\" data-id=\"80d5ca0\" data-element_type=\"column\">\n\t\t\t<div class=\"elementor-widget-wrap elementor-element-populated\">\n\t\t\t\t\t\t<div class=\"elementor-element elementor-element-1628e46 elementor-widget elementor-widget-heading\" data-id=\"1628e46\" data-element_type=\"widget\" data-settings=\"{&quot;ekit_we_effect_on&quot;:&quot;none&quot;}\" data-widget_type=\"heading.default\">\n\t\t\t\t<div class=\"elementor-widget-container\">\n\t\t\t<h2 class=\"elementor-heading-title elementor-size-default\">LOGISTYKA MAGAZYNOWA<\/h2>\t\t<\/div>\n\t\t\t\t<\/div>\n\t\t\t\t<div class=\"elementor-element elementor-element-608fb89 elementor-widget elementor-widget-text-editor\" data-id=\"608fb89\" data-element_type=\"widget\" data-settings=\"{&quot;ekit_we_effect_on&quot;:&quot;none&quot;}\" data-widget_type=\"text-editor.default\">\n\t\t\t\t<div class=\"elementor-widget-container\">\n\t\t\t\t\t\t\t<p>Obecnie posiadamy mo\u017cliwo\u015bci sk\u0142adowania w nast\u0119puj\u0105cych wojew\u00f3dztwach:<br \/><strong>Mazowieckie<\/strong> \u2013 Magazyn o wielko\u015bci ponad 5000 metr\u00f3w w Warszawie wraz z obs\u0142ug\u0105\u00a0logistyczn\u0105 i transportow\u0105<br \/><strong>\u0141od\u017akie<\/strong> \u2013 magazyn o powierzchni ponad 3000 metr\u00f3w kwadratowych wraz z obs\u0142ug\u0105<br \/><strong>Pomorskie<\/strong> \u2013 magazyn 3600 metr\u00f3w kwadratowych wraz z obs\u0142ug\u0105<br \/>Dolno\u015bl\u0105skie \u2013 magazyn pod wysy\u0142ki e-commerce o wielko\u015bci ponad 2000 metr\u00f3w<br \/><strong>Lubuskie<\/strong> \u2013 magazyn ponad 5000 metr\u00f3w wraz z pe\u0142n\u0105 obs\u0142ug\u0105 logistyczn\u0105 przygotowany\u00a0pod wysy\u0142ki do kraj\u00f3w Europy Zachodniej<br \/><strong>Zach\u0119camy do zapytania o interesuj\u0105cy Pa\u0144stwa rejon dzia\u0142ania<\/strong><\/p>\t\t\t\t\t\t<\/div>\n\t\t\t\t<\/div>\n\t\t\t\t\t<\/div>\n\t\t<\/div>\n\t\t\t\t\t<\/div>\n\t\t<\/section>\n\t\t\t\t<section class=\"elementor-section elementor-inner-section elementor-element elementor-element-e828ba0 elementor-section-boxed elementor-section-height-default elementor-section-height-default\" data-id=\"e828ba0\" data-element_type=\"section\" data-settings=\"{&quot;ekit_has_onepagescroll_dot&quot;:&quot;yes&quot;}\">\n\t\t\t\t\t\t<div class=\"elementor-container elementor-column-gap-default\">\n\t\t\t\t\t<div class=\"elementor-column elementor-col-50 elementor-inner-column elementor-element elementor-element-a7e45c3\" data-id=\"a7e45c3\" data-element_type=\"column\">\n\t\t\t<div class=\"elementor-widget-wrap elementor-element-populated\">\n\t\t\t\t\t\t<div class=\"elementor-element elementor-element-e6dcffe elementor-widget elementor-widget-image\" data-id=\"e6dcffe\" data-element_type=\"widget\" data-settings=\"{&quot;ekit_we_effect_on&quot;:&quot;none&quot;}\" data-widget_type=\"image.default\">\n\t\t\t\t<div class=\"elementor-widget-container\">\n\t\t\t\t\t\t\t\t\t\t\t\t\t<img loading=\"lazy\" decoding=\"async\" width=\"1000\" height=\"1000\" src=\"http:\/\/martelonline.pl\/wp-content\/uploads\/2024\/08\/4.png\" class=\"attachment-full size-full wp-image-729\" alt=\"\" srcset=\"http:\/\/martelonline.pl\/wp-content\/uploads\/2024\/08\/4.png 1000w, http:\/\/martelonline.pl\/wp-content\/uploads\/2024\/08\/4-300x300.png 300w, http:\/\/martelonline.pl\/wp-content\/uploads\/2024\/08\/4-150x150.png 150w, http:\/\/martelonline.pl\/wp-content\/uploads\/2024\/08\/4-768x768.png 768w\" sizes=\"(max-width: 1000px) 100vw, 1000px\" \/>\t\t\t\t\t\t\t\t\t\t\t\t\t<\/div>\n\t\t\t\t<\/div>\n\t\t\t\t\t<\/div>\n\t\t<\/div>\n\t\t\t\t<div class=\"elementor-column elementor-col-50 elementor-inner-column elementor-element elementor-element-d0f663f\" data-id=\"d0f663f\" data-element_type=\"column\">\n\t\t\t<div class=\"elementor-widget-wrap elementor-element-populated\">\n\t\t\t\t\t\t<div class=\"elementor-element elementor-element-bc4411a elementor-widget elementor-widget-heading\" data-id=\"bc4411a\" data-element_type=\"widget\" data-settings=\"{&quot;ekit_we_effect_on&quot;:&quot;none&quot;}\" data-widget_type=\"heading.default\">\n\t\t\t\t<div class=\"elementor-widget-container\">\n\t\t\t<h2 class=\"elementor-heading-title elementor-size-default\">PROWADZENIE POJAZD\u00d3W PRZEWO\u0179NIK\u00d3W <\/h2>\t\t<\/div>\n\t\t\t\t<\/div>\n\t\t\t\t<div class=\"elementor-element elementor-element-a091c6f elementor-widget elementor-widget-text-editor\" data-id=\"a091c6f\" data-element_type=\"widget\" data-settings=\"{&quot;ekit_we_effect_on&quot;:&quot;none&quot;}\" data-widget_type=\"text-editor.default\">\n\t\t\t\t<div class=\"elementor-widget-container\">\n\t\t\t\t\t\t\t<p>Nasi specjali\u015bci codziennie prowadza pojazdy naszych podwykonawc\u00f3w zar\u00f3wno w kraju jak<br \/>i za granic\u0105. Chcesz do\u0142\u0105czy\u0107 do naszej floty podwykonawc\u00f3w \u2013 sprawd\u017a nas i rozpocznij<br \/>dzia\u0142ania z firm\u0105, kt\u00f3ra codziennie wspomaga niezale\u017cnych przewo\u017anik\u00f3w w ich rozwoju.<\/p>\t\t\t\t\t\t<\/div>\n\t\t\t\t<\/div>\n\t\t\t\t\t<\/div>\n\t\t<\/div>\n\t\t\t\t\t<\/div>\n\t\t<\/section>\n\t\t\t\t\t<\/div>\n\t\t<\/div>\n\t\t\t\t\t<\/div>\n\t\t<\/section>\n\t\t\t\t<section class=\"elementor-section elementor-top-section elementor-element elementor-element-47841c0b elementor-section-boxed elementor-section-height-default elementor-section-height-default\" data-id=\"47841c0b\" data-element_type=\"section\" data-settings=\"{&quot;ekit_has_onepagescroll_dot&quot;:&quot;yes&quot;}\">\n\t\t\t\t\t\t<div class=\"elementor-container elementor-column-gap-default\">\n\t\t\t\t\t<div class=\"elementor-column elementor-col-100 elementor-top-column elementor-element elementor-element-19266d79\" data-id=\"19266d79\" data-element_type=\"column\">\n\t\t\t<div class=\"elementor-widget-wrap elementor-element-populated\">\n\t\t\t\t\t\t<div class=\"elementor-element elementor-element-7005f683 elementor-widget elementor-widget-heading\" data-id=\"7005f683\" data-element_type=\"widget\" data-settings=\"{&quot;ekit_we_effect_on&quot;:&quot;none&quot;}\" data-widget_type=\"heading.default\">\n\t\t\t\t<div class=\"elementor-widget-container\">\n\t\t\t<h2 class=\"elementor-heading-title elementor-size-default\">Masz do nas pytania? Chcesz zam\u00f3wi\u0107 transport? <\/h2>\t\t<\/div>\n\t\t\t\t<\/div>\n\t\t\t\t<div class=\"elementor-element elementor-element-7d61c0bb elementor-widget elementor-widget-button\" data-id=\"7d61c0bb\" data-element_type=\"widget\" data-settings=\"{&quot;ekit_we_effect_on&quot;:&quot;none&quot;}\" data-widget_type=\"button.default\">\n\t\t\t\t<div class=\"elementor-widget-container\">\n\t\t\t\t\t<div class=\"elementor-button-wrapper\">\n\t\t\t<a class=\"elementor-button elementor-button-link elementor-size-sm\" href=\"http:\/\/martelonline.pl\/index.php\/kontakt\/\">\n\t\t\t\t\t\t<span class=\"elementor-button-content-wrapper\">\n\t\t\t\t\t\t\t\t\t<span class=\"elementor-button-text\">KONTAKT<\/span>\n\t\t\t\t\t<\/span>\n\t\t\t\t\t<\/a>\n\t\t<\/div>\n\t\t\t\t<\/div>\n\t\t\t\t<\/div>\n\t\t\t\t\t<\/div>\n\t\t<\/div>\n\t\t\t\t\t<\/div>\n\t\t<\/section>\n\t\t\t\t<\/div>\n\t\t","protected":false},"excerpt":{"rendered":"<p>Us\u0142ugi Oferujemy do Pa\u0144stwa dyspozycji us\u0142ugi w nast\u0119puj\u0105cych dziedzinach: TRANSPORT Obecnie oferujemy krajowe i mi\u0119dzynadorowe us\u0142ugi transportowe oparte na flocie ponad 35 pojazd\u00f3w \u2013 mamy w swoim taborze nast\u0119puj\u0105ce pojazdy:Typu MEGA \u2013 o zwi\u0119kszonej wysoko\u015bci do 3 metr\u00f3wTypu STANDARD \u2013 z zabudow\u0105 \u201efirankow\u0105\u201d wraz z odsuwanym dachemTypu CH\u0141ODNIA \u2013 do transportu produkt\u00f3w ch\u0142odniczych, mro\u017conych oraz [&hellip;]<\/p>\n","protected":false},"author":1,"featured_media":0,"parent":0,"menu_order":0,"comment_status":"closed","ping_status":"closed","template":"elementor_header_footer","meta":{"_eb_attr":"","footnotes":""},"class_list":["post-20","page","type-page","status-publish","hentry"],"lang":"pl","translations":{"pl":20,"en":817},"pll_sync_post":[],"_links":{"self":[{"href":"http:\/\/martelonline.pl\/index.php\/wp-json\/wp\/v2\/pages\/20","targetHints":{"allow":["GET"]}}],"collection":[{"href":"http:\/\/martelonline.pl\/index.php\/wp-json\/wp\/v2\/pages"}],"about":[{"href":"http:\/\/martelonline.pl\/index.php\/wp-json\/wp\/v2\/types\/page"}],"author":[{"embeddable":true,"href":"http:\/\/martelonline.pl\/index.php\/wp-json\/wp\/v2\/users\/1"}],"replies":[{"embeddable":true,"href":"http:\/\/martelonline.pl\/index.php\/wp-json\/wp\/v2\/comments?post=20"}],"version-history":[{"count":40,"href":"http:\/\/martelonline.pl\/index.php\/wp-json\/wp\/v2\/pages\/20\/revisions"}],"predecessor-version":[{"id":789,"href":"http:\/\/martelonline.pl\/index.php\/wp-json\/wp\/v2\/pages\/20\/revisions\/789"}],"wp:attachment":[{"href":"http:\/\/martelonline.pl\/index.php\/wp-json\/wp\/v2\/media?parent=20"}],"curies":[{"name":"wp","href":"https:\/\/api.w.org\/{rel}","templated":true}]}}