{"id":14,"date":"2024-08-05T14:53:33","date_gmt":"2024-08-05T12:53:33","guid":{"rendered":"http:\/\/martelonline.pl\/?page_id=14"},"modified":"2024-08-12T11:09:06","modified_gmt":"2024-08-12T09:09:06","slug":"o-nas","status":"publish","type":"page","link":"http:\/\/martelonline.pl\/index.php\/o-nas\/","title":{"rendered":"O nas"},"content":{"rendered":"\t\t<div data-elementor-type=\"wp-page\" data-elementor-id=\"14\" class=\"elementor elementor-14\" data-elementor-post-type=\"page\">\n\t\t\t\t\t\t<section class=\"elementor-section elementor-top-section elementor-element elementor-element-ca60f9f elementor-section-boxed elementor-section-height-default elementor-section-height-default\" data-id=\"ca60f9f\" data-element_type=\"section\" data-settings=\"{&quot;background_background&quot;:&quot;classic&quot;,&quot;ekit_has_onepagescroll_dot&quot;:&quot;yes&quot;}\">\n\t\t\t\t\t\t\t<div class=\"elementor-background-overlay\"><\/div>\n\t\t\t\t\t\t\t<div class=\"elementor-container elementor-column-gap-default\">\n\t\t\t\t\t<div class=\"elementor-column elementor-col-100 elementor-top-column elementor-element elementor-element-51c0e36\" data-id=\"51c0e36\" data-element_type=\"column\">\n\t\t\t<div class=\"elementor-widget-wrap elementor-element-populated\">\n\t\t\t\t\t\t<div class=\"elementor-element elementor-element-40f52f6 elementor-widget elementor-widget-heading\" data-id=\"40f52f6\" data-element_type=\"widget\" data-settings=\"{&quot;ekit_we_effect_on&quot;:&quot;none&quot;}\" data-widget_type=\"heading.default\">\n\t\t\t\t<div class=\"elementor-widget-container\">\n\t\t\t<style>\/*! elementor - v3.21.0 - 25-04-2024 *\/\n.elementor-heading-title{padding:0;margin:0;line-height:1}.elementor-widget-heading .elementor-heading-title[class*=elementor-size-]>a{color:inherit;font-size:inherit;line-height:inherit}.elementor-widget-heading .elementor-heading-title.elementor-size-small{font-size:15px}.elementor-widget-heading .elementor-heading-title.elementor-size-medium{font-size:19px}.elementor-widget-heading .elementor-heading-title.elementor-size-large{font-size:29px}.elementor-widget-heading .elementor-heading-title.elementor-size-xl{font-size:39px}.elementor-widget-heading .elementor-heading-title.elementor-size-xxl{font-size:59px}<\/style><h1 class=\"elementor-heading-title elementor-size-default\">O nas <\/h1>\t\t<\/div>\n\t\t\t\t<\/div>\n\t\t\t\t<div class=\"elementor-element elementor-element-20fa5ec elementor-widget elementor-widget-text-editor\" data-id=\"20fa5ec\" data-element_type=\"widget\" data-settings=\"{&quot;ekit_we_effect_on&quot;:&quot;none&quot;}\" data-widget_type=\"text-editor.default\">\n\t\t\t\t<div class=\"elementor-widget-container\">\n\t\t\t<style>\/*! elementor - v3.21.0 - 25-04-2024 *\/\n.elementor-widget-text-editor.elementor-drop-cap-view-stacked .elementor-drop-cap{background-color:#69727d;color:#fff}.elementor-widget-text-editor.elementor-drop-cap-view-framed .elementor-drop-cap{color:#69727d;border:3px solid;background-color:transparent}.elementor-widget-text-editor:not(.elementor-drop-cap-view-default) .elementor-drop-cap{margin-top:8px}.elementor-widget-text-editor:not(.elementor-drop-cap-view-default) .elementor-drop-cap-letter{width:1em;height:1em}.elementor-widget-text-editor .elementor-drop-cap{float:left;text-align:center;line-height:1;font-size:50px}.elementor-widget-text-editor .elementor-drop-cap-letter{display:inline-block}<\/style>\t\t\t\t<p>Dowiedz si\u0119 wi\u0119cej o naszej firmie!<\/p>\t\t\t\t\t\t<\/div>\n\t\t\t\t<\/div>\n\t\t\t\t\t<\/div>\n\t\t<\/div>\n\t\t\t\t\t<\/div>\n\t\t<\/section>\n\t\t\t\t<section class=\"elementor-section elementor-top-section elementor-element elementor-element-178551a elementor-section-full_width elementor-section-height-default elementor-section-height-default\" data-id=\"178551a\" data-element_type=\"section\" data-settings=\"{&quot;ekit_has_onepagescroll_dot&quot;:&quot;yes&quot;}\">\n\t\t\t\t\t\t<div class=\"elementor-container elementor-column-gap-no\">\n\t\t\t\t\t<div class=\"elementor-column elementor-col-100 elementor-top-column elementor-element elementor-element-331fac35\" data-id=\"331fac35\" data-element_type=\"column\">\n\t\t\t<div class=\"elementor-widget-wrap elementor-element-populated\">\n\t\t\t\t\t\t<section class=\"elementor-section elementor-inner-section elementor-element elementor-element-4c681334 elementor-section-boxed elementor-section-height-default elementor-section-height-default\" data-id=\"4c681334\" data-element_type=\"section\" data-settings=\"{&quot;ekit_has_onepagescroll_dot&quot;:&quot;yes&quot;}\">\n\t\t\t\t\t\t<div class=\"elementor-container elementor-column-gap-default\">\n\t\t\t\t\t<div class=\"elementor-column elementor-col-100 elementor-inner-column elementor-element elementor-element-191d7d1f\" data-id=\"191d7d1f\" data-element_type=\"column\">\n\t\t\t<div class=\"elementor-widget-wrap elementor-element-populated\">\n\t\t\t\t\t\t<div class=\"elementor-element elementor-element-2f77c797 elementor-widget elementor-widget-heading\" data-id=\"2f77c797\" data-element_type=\"widget\" data-settings=\"{&quot;ekit_we_effect_on&quot;:&quot;none&quot;}\" data-widget_type=\"heading.default\">\n\t\t\t\t<div class=\"elementor-widget-container\">\n\t\t\t<h1 class=\"elementor-heading-title elementor-size-default\">Nasza historia <\/h1>\t\t<\/div>\n\t\t\t\t<\/div>\n\t\t\t\t<div class=\"elementor-element elementor-element-1e88158c elementor-widget__width-initial elementor-widget elementor-widget-text-editor\" data-id=\"1e88158c\" data-element_type=\"widget\" data-settings=\"{&quot;ekit_we_effect_on&quot;:&quot;none&quot;}\" data-widget_type=\"text-editor.default\">\n\t\t\t\t<div class=\"elementor-widget-container\">\n\t\t\t\t\t\t\tMartel NG powsta\u0142 w 2016 roku jako niezale\u017cny podmiot oferuj\u0105cy us\u0142ugi transportowe,\nspedycyjne i logistyczne. Wsp\u00f3\u0142pracujemy tylko i wy\u0142\u0105cznie z klientami bezpo\u015brednimi zapewniaj\u0105c im tym samym komfort wsp\u00f3\u0142pracy bezpo\u015bredniej bez dodatkowych koszt\u00f3w zwi\u0105zanych z mno\u017ceniem podmiot\u00f3w na rynku transportowym. Dzi\u0119ki temu nasi klienci wiedz\u0105, \u017ce otrzymuj\u0105 \u201eszyt\u0105 na miar\u0119\u201d us\u0142ug\u0119 we w\u0142a\u015bciwej cenie bez zb\u0119dnych koszt\u00f3w.\nNaszym klientom gwarantujemy zawsze dw\u00f3ch dedykowanych opiekun\u00f3w \u2013 handlowego do\nsta\u0142ej wsp\u00f3\u0142pracy w zakresie wycen i oceny ryzyka oraz spedycyjnego \u2013 w pe\u0142ni\nodpowiedzialnego za opiek\u0119 nad dedykowanymi \u0142adunkami Klienta. My nigdy nie\nzostawiamy klienta samego z jego problemami. Doradzamy, uwzgl\u0119dniamy jego potrzeby a gdy trzeba \u2013 informujemy go o\u00a0lepszych rozwi\u0105zaniach zwi\u0105zanych z jego \u0142adunkami b\u0105d\u017a\u00a0towarem w magazynie\t\t\t\t\t\t<\/div>\n\t\t\t\t<\/div>\n\t\t\t\t\t<\/div>\n\t\t<\/div>\n\t\t\t\t\t<\/div>\n\t\t<\/section>\n\t\t\t\t\t<\/div>\n\t\t<\/div>\n\t\t\t\t\t<\/div>\n\t\t<\/section>\n\t\t\t\t<section class=\"elementor-section elementor-top-section elementor-element elementor-element-16626fc9 elementor-section-boxed elementor-section-height-default elementor-section-height-default\" data-id=\"16626fc9\" data-element_type=\"section\" data-settings=\"{&quot;background_background&quot;:&quot;classic&quot;,&quot;ekit_has_onepagescroll_dot&quot;:&quot;yes&quot;}\">\n\t\t\t\t\t\t<div class=\"elementor-container elementor-column-gap-no\">\n\t\t\t\t\t<div class=\"elementor-column elementor-col-100 elementor-top-column elementor-element elementor-element-3f3f876f\" data-id=\"3f3f876f\" data-element_type=\"column\">\n\t\t\t<div class=\"elementor-widget-wrap elementor-element-populated\">\n\t\t\t\t\t\t<div class=\"elementor-element elementor-element-d2738bf elementor-widget elementor-widget-heading\" data-id=\"d2738bf\" data-element_type=\"widget\" data-settings=\"{&quot;ekit_we_effect_on&quot;:&quot;none&quot;}\" data-widget_type=\"heading.default\">\n\t\t\t\t<div class=\"elementor-widget-container\">\n\t\t\t<h1 class=\"elementor-heading-title elementor-size-default\">Wsp\u00f3\u0142praca<\/h1>\t\t<\/div>\n\t\t\t\t<\/div>\n\t\t\t\t<section class=\"elementor-section elementor-inner-section elementor-element elementor-element-2fadf843 elementor-section-boxed elementor-section-height-default elementor-section-height-default\" data-id=\"2fadf843\" data-element_type=\"section\" data-settings=\"{&quot;ekit_has_onepagescroll_dot&quot;:&quot;yes&quot;}\">\n\t\t\t\t\t\t<div class=\"elementor-container elementor-column-gap-default\">\n\t\t\t\t\t<div class=\"elementor-column elementor-col-50 elementor-inner-column elementor-element elementor-element-65a081bd\" data-id=\"65a081bd\" data-element_type=\"column\">\n\t\t\t<div class=\"elementor-widget-wrap elementor-element-populated\">\n\t\t\t\t\t\t<div class=\"elementor-element elementor-element-30e957fe elementor-widget elementor-widget-image\" data-id=\"30e957fe\" data-element_type=\"widget\" data-settings=\"{&quot;ekit_we_effect_on&quot;:&quot;none&quot;}\" data-widget_type=\"image.default\">\n\t\t\t\t<div class=\"elementor-widget-container\">\n\t\t\t<style>\/*! elementor - v3.21.0 - 25-04-2024 *\/\n.elementor-widget-image{text-align:center}.elementor-widget-image a{display:inline-block}.elementor-widget-image a img[src$=\".svg\"]{width:48px}.elementor-widget-image img{vertical-align:middle;display:inline-block}<\/style>\t\t\t\t\t\t\t\t\t\t<img fetchpriority=\"high\" decoding=\"async\" width=\"370\" height=\"370\" src=\"http:\/\/martelonline.pl\/wp-content\/uploads\/2024\/08\/ab7.jpg\" class=\"attachment-large size-large wp-image-337\" alt=\"\" srcset=\"http:\/\/martelonline.pl\/wp-content\/uploads\/2024\/08\/ab7.jpg 370w, http:\/\/martelonline.pl\/wp-content\/uploads\/2024\/08\/ab7-300x300.jpg 300w, http:\/\/martelonline.pl\/wp-content\/uploads\/2024\/08\/ab7-150x150.jpg 150w\" sizes=\"(max-width: 370px) 100vw, 370px\" \/>\t\t\t\t\t\t\t\t\t\t\t\t\t<\/div>\n\t\t\t\t<\/div>\n\t\t\t\t\t<\/div>\n\t\t<\/div>\n\t\t\t\t<div class=\"elementor-column elementor-col-50 elementor-inner-column elementor-element elementor-element-42063178\" data-id=\"42063178\" data-element_type=\"column\" data-settings=\"{&quot;background_background&quot;:&quot;classic&quot;}\">\n\t\t\t<div class=\"elementor-widget-wrap elementor-element-populated\">\n\t\t\t\t\t\t<div class=\"elementor-element elementor-element-40e7883b elementor-widget elementor-widget-heading\" data-id=\"40e7883b\" data-element_type=\"widget\" data-settings=\"{&quot;ekit_we_effect_on&quot;:&quot;none&quot;}\" data-widget_type=\"heading.default\">\n\t\t\t\t<div class=\"elementor-widget-container\">\n\t\t\t<h2 class=\"elementor-heading-title elementor-size-default\">Spo\u0142eczno\u015b\u0107 z terenu Powiatu Legionowskiego<\/h2>\t\t<\/div>\n\t\t\t\t<\/div>\n\t\t\t\t<div class=\"elementor-element elementor-element-37690874 elementor-widget elementor-widget-text-editor\" data-id=\"37690874\" data-element_type=\"widget\" data-settings=\"{&quot;ekit_we_effect_on&quot;:&quot;none&quot;}\" data-widget_type=\"text-editor.default\">\n\t\t\t\t<div class=\"elementor-widget-container\">\n\t\t\t\t\t\t\t<p>Martel NG jest aktywnym uczestnikiem \u017cycia w swojej ma\u0142ej spo\u0142eczno\u015bci. Na szczeg\u00f3ln\u0105\u00a0uwag\u0119 zas\u0142uguj\u0105 nasze aktywno\u015bci lokalne \u2013 wspieramy zar\u00f3wno sport jak i lokalne\u00a0inicjatywy wspomagaj\u0105ce spo\u0142eczno\u015b\u0107 z terenu Powiatu Legionowskiego<\/p>\t\t\t\t\t\t<\/div>\n\t\t\t\t<\/div>\n\t\t\t\t\t<\/div>\n\t\t<\/div>\n\t\t\t\t\t<\/div>\n\t\t<\/section>\n\t\t\t\t<section class=\"elementor-section elementor-inner-section elementor-element elementor-element-5c2abe8d elementor-section-boxed elementor-section-height-default elementor-section-height-default\" data-id=\"5c2abe8d\" data-element_type=\"section\" data-settings=\"{&quot;ekit_has_onepagescroll_dot&quot;:&quot;yes&quot;}\">\n\t\t\t\t\t\t<div class=\"elementor-container elementor-column-gap-default\">\n\t\t\t\t\t<div class=\"elementor-column elementor-col-50 elementor-inner-column elementor-element elementor-element-118040a0\" data-id=\"118040a0\" data-element_type=\"column\" data-settings=\"{&quot;background_background&quot;:&quot;classic&quot;}\">\n\t\t\t<div class=\"elementor-widget-wrap elementor-element-populated\">\n\t\t\t\t\t\t<div class=\"elementor-element elementor-element-3daafb4 elementor-widget elementor-widget-heading\" data-id=\"3daafb4\" data-element_type=\"widget\" data-settings=\"{&quot;ekit_we_effect_on&quot;:&quot;none&quot;}\" data-widget_type=\"heading.default\">\n\t\t\t\t<div class=\"elementor-widget-container\">\n\t\t\t<h2 class=\"elementor-heading-title elementor-size-default\">Zepter KPR Legionowo <\/h2>\t\t<\/div>\n\t\t\t\t<\/div>\n\t\t\t\t<div class=\"elementor-element elementor-element-3f89baab elementor-widget elementor-widget-text-editor\" data-id=\"3f89baab\" data-element_type=\"widget\" data-settings=\"{&quot;ekit_we_effect_on&quot;:&quot;none&quot;}\" data-widget_type=\"text-editor.default\">\n\t\t\t\t<div class=\"elementor-widget-container\">\n\t\t\t\t\t\t\t<p>Zepter KPR Legionowo \u2013 ju\u017c od ponad dw\u00f3ch lat jeste\u015bmy partnerem KPR Legionowo \u2013<br \/>dru\u017cyny pi\u0142ki r\u0119cznej, kt\u00f3ra obecnie gra na poziomie Orlen Superligi a z kt\u00f3r\u0105 byli\u015bmy<br \/>jeszcze, gdy gra\u0142a na poziomie Ligi Centralnej. Cieszymy si\u0119 jej sukcesami i liczymy, \u017ce w<br \/>nadchodz\u0105cych sezonach przysporzy nam dalszych pozytywnych emocji<\/p>\t\t\t\t\t\t<\/div>\n\t\t\t\t<\/div>\n\t\t\t\t\t<\/div>\n\t\t<\/div>\n\t\t\t\t<div class=\"elementor-column elementor-col-50 elementor-inner-column elementor-element elementor-element-7f59e705\" data-id=\"7f59e705\" data-element_type=\"column\">\n\t\t\t<div class=\"elementor-widget-wrap elementor-element-populated\">\n\t\t\t\t\t\t<div class=\"elementor-element elementor-element-5c88c2e6 elementor-widget elementor-widget-image\" data-id=\"5c88c2e6\" data-element_type=\"widget\" data-settings=\"{&quot;ekit_we_effect_on&quot;:&quot;none&quot;}\" data-widget_type=\"image.default\">\n\t\t\t\t<div class=\"elementor-widget-container\">\n\t\t\t\t\t\t\t\t\t\t\t\t\t<img decoding=\"async\" width=\"800\" height=\"633\" src=\"http:\/\/martelonline.pl\/wp-content\/uploads\/2024\/08\/sponson-kpr.jpg\" class=\"attachment-large size-large wp-image-443\" alt=\"\" srcset=\"http:\/\/martelonline.pl\/wp-content\/uploads\/2024\/08\/sponson-kpr.jpg 800w, http:\/\/martelonline.pl\/wp-content\/uploads\/2024\/08\/sponson-kpr-300x237.jpg 300w, http:\/\/martelonline.pl\/wp-content\/uploads\/2024\/08\/sponson-kpr-768x608.jpg 768w\" sizes=\"(max-width: 800px) 100vw, 800px\" \/>\t\t\t\t\t\t\t\t\t\t\t\t\t<\/div>\n\t\t\t\t<\/div>\n\t\t\t\t\t<\/div>\n\t\t<\/div>\n\t\t\t\t\t<\/div>\n\t\t<\/section>\n\t\t\t\t<section class=\"elementor-section elementor-inner-section elementor-element elementor-element-b4d43d9 elementor-section-boxed elementor-section-height-default elementor-section-height-default\" data-id=\"b4d43d9\" data-element_type=\"section\" data-settings=\"{&quot;ekit_has_onepagescroll_dot&quot;:&quot;yes&quot;}\">\n\t\t\t\t\t\t<div class=\"elementor-container elementor-column-gap-default\">\n\t\t\t\t\t<div class=\"elementor-column elementor-col-50 elementor-inner-column elementor-element elementor-element-fa6fd2a\" data-id=\"fa6fd2a\" data-element_type=\"column\">\n\t\t\t<div class=\"elementor-widget-wrap elementor-element-populated\">\n\t\t\t\t\t\t<div class=\"elementor-element elementor-element-80d8784 elementor-widget elementor-widget-image\" data-id=\"80d8784\" data-element_type=\"widget\" data-settings=\"{&quot;ekit_we_effect_on&quot;:&quot;none&quot;}\" data-widget_type=\"image.default\">\n\t\t\t\t<div class=\"elementor-widget-container\">\n\t\t\t\t\t\t\t\t\t\t\t\t\t<img decoding=\"async\" src=\"http:\/\/martelonline.pl\/wp-content\/uploads\/elementor\/thumbs\/Zosia-Anisiewicz-qt12hj64pizgv5y9pmgrntib1s2fed1fcws8pnsm14.jpg\" title=\"Zosia Anisiewicz\" alt=\"Zosia Anisiewicz\" loading=\"lazy\" \/>\t\t\t\t\t\t\t\t\t\t\t\t\t<\/div>\n\t\t\t\t<\/div>\n\t\t\t\t\t<\/div>\n\t\t<\/div>\n\t\t\t\t<div class=\"elementor-column elementor-col-50 elementor-inner-column elementor-element elementor-element-3d9efc8\" data-id=\"3d9efc8\" data-element_type=\"column\" data-settings=\"{&quot;background_background&quot;:&quot;classic&quot;}\">\n\t\t\t<div class=\"elementor-widget-wrap elementor-element-populated\">\n\t\t\t\t\t\t<div class=\"elementor-element elementor-element-7559001 elementor-widget elementor-widget-heading\" data-id=\"7559001\" data-element_type=\"widget\" data-settings=\"{&quot;ekit_we_effect_on&quot;:&quot;none&quot;}\" data-widget_type=\"heading.default\">\n\t\t\t\t<div class=\"elementor-widget-container\">\n\t\t\t<h2 class=\"elementor-heading-title elementor-size-default\">Zosia Anisiewicz<\/h2>\t\t<\/div>\n\t\t\t\t<\/div>\n\t\t\t\t<div class=\"elementor-element elementor-element-6504a5c elementor-widget elementor-widget-text-editor\" data-id=\"6504a5c\" data-element_type=\"widget\" data-settings=\"{&quot;ekit_we_effect_on&quot;:&quot;none&quot;}\" data-widget_type=\"text-editor.default\">\n\t\t\t\t<div class=\"elementor-widget-container\">\n\t\t\t\t\t\t\t<p>Zosia Anisiewicz \u2013 m\u0142oda adeptka Taekwondo Olimpijskiego \u2013 z dum\u0105 wspieramy nasz\u0105\u00a0podopieczn\u0105 szczeg\u00f3lnie, gdy widzimy, jak Zosia rozwija si\u0119 i zdobywa nowe laury zar\u00f3wno\u00a0w kraju jak i za granic\u0105. Cieszymy si\u0119, \u017ce jej rozw\u00f3j jest r\u00f3wnie\u017c udzia\u0142em Martel NG. Oby\u00a0tak dalej Zosia<\/p>\t\t\t\t\t\t<\/div>\n\t\t\t\t<\/div>\n\t\t\t\t\t<\/div>\n\t\t<\/div>\n\t\t\t\t\t<\/div>\n\t\t<\/section>\n\t\t\t\t<section class=\"elementor-section elementor-inner-section elementor-element elementor-element-96a09f1 elementor-section-boxed elementor-section-height-default elementor-section-height-default\" data-id=\"96a09f1\" data-element_type=\"section\" data-settings=\"{&quot;ekit_has_onepagescroll_dot&quot;:&quot;yes&quot;}\">\n\t\t\t\t\t\t<div class=\"elementor-container elementor-column-gap-default\">\n\t\t\t\t\t<div class=\"elementor-column elementor-col-50 elementor-inner-column elementor-element elementor-element-be69fdc\" data-id=\"be69fdc\" data-element_type=\"column\" data-settings=\"{&quot;background_background&quot;:&quot;classic&quot;}\">\n\t\t\t<div class=\"elementor-widget-wrap elementor-element-populated\">\n\t\t\t\t\t\t<div class=\"elementor-element elementor-element-2d5d788 elementor-widget elementor-widget-heading\" data-id=\"2d5d788\" data-element_type=\"widget\" data-settings=\"{&quot;ekit_we_effect_on&quot;:&quot;none&quot;}\" data-widget_type=\"heading.default\">\n\t\t\t\t<div class=\"elementor-widget-container\">\n\t\t\t<h2 class=\"elementor-heading-title elementor-size-default\">Wspomagamy Tygrysy<\/h2>\t\t<\/div>\n\t\t\t\t<\/div>\n\t\t\t\t<div class=\"elementor-element elementor-element-631ec98 elementor-widget elementor-widget-text-editor\" data-id=\"631ec98\" data-element_type=\"widget\" data-settings=\"{&quot;ekit_we_effect_on&quot;:&quot;none&quot;}\" data-widget_type=\"text-editor.default\">\n\t\t\t\t<div class=\"elementor-widget-container\">\n\t\t\t\t\t\t\t<p>Wspomagamy Tygrysy \u2013 rokrocznie wspomagamy ob\u00f3z dla potrzebuj\u0105cych dzieci i m\u0142odzie\u017c\u00a0organizowany przez Ksi\u0119\u017cy z Parafii \u015bw. Jana Kantego w Legionowie. Je\u015bli nasze dzia\u0142ania\u00a0s\u0105 w stanie pom\u00f3c w organizacji takich imprez dla nas jest to najwi\u0119ksza rado\u015b\u0107. Bo ka\u017cdy\u00a0powinien mie\u0107 szans\u0119 na szcz\u0119\u015bliwe dzieci\u0144stwo.<\/p>\t\t\t\t\t\t<\/div>\n\t\t\t\t<\/div>\n\t\t\t\t\t<\/div>\n\t\t<\/div>\n\t\t\t\t<div class=\"elementor-column elementor-col-50 elementor-inner-column elementor-element elementor-element-5ac6009\" data-id=\"5ac6009\" data-element_type=\"column\">\n\t\t\t<div class=\"elementor-widget-wrap elementor-element-populated\">\n\t\t\t\t\t\t<div class=\"elementor-element elementor-element-ac4561f elementor-widget elementor-widget-image\" data-id=\"ac4561f\" data-element_type=\"widget\" data-settings=\"{&quot;ekit_we_effect_on&quot;:&quot;none&quot;}\" data-widget_type=\"image.default\">\n\t\t\t\t<div class=\"elementor-widget-container\">\n\t\t\t\t\t\t\t\t\t\t\t\t\t<img decoding=\"async\" width=\"800\" height=\"533\" src=\"http:\/\/martelonline.pl\/wp-content\/uploads\/2024\/08\/kpr-gra-1024x682.jpg\" class=\"attachment-large size-large wp-image-460\" alt=\"\" srcset=\"http:\/\/martelonline.pl\/wp-content\/uploads\/2024\/08\/kpr-gra-1024x682.jpg 1024w, http:\/\/martelonline.pl\/wp-content\/uploads\/2024\/08\/kpr-gra-300x200.jpg 300w, http:\/\/martelonline.pl\/wp-content\/uploads\/2024\/08\/kpr-gra-768x511.jpg 768w, http:\/\/martelonline.pl\/wp-content\/uploads\/2024\/08\/kpr-gra.jpg 1146w\" sizes=\"(max-width: 800px) 100vw, 800px\" \/>\t\t\t\t\t\t\t\t\t\t\t\t\t<\/div>\n\t\t\t\t<\/div>\n\t\t\t\t\t<\/div>\n\t\t<\/div>\n\t\t\t\t\t<\/div>\n\t\t<\/section>\n\t\t\t\t<section class=\"elementor-section elementor-inner-section elementor-element elementor-element-1cb4305 elementor-section-boxed elementor-section-height-default elementor-section-height-default\" data-id=\"1cb4305\" data-element_type=\"section\" data-settings=\"{&quot;ekit_has_onepagescroll_dot&quot;:&quot;yes&quot;}\">\n\t\t\t\t\t\t<div class=\"elementor-container elementor-column-gap-default\">\n\t\t\t\t\t<div class=\"elementor-column elementor-col-50 elementor-inner-column elementor-element elementor-element-825d9a6\" data-id=\"825d9a6\" data-element_type=\"column\">\n\t\t\t<div class=\"elementor-widget-wrap elementor-element-populated\">\n\t\t\t\t\t\t<div class=\"elementor-element elementor-element-9954eac elementor-widget elementor-widget-image\" data-id=\"9954eac\" data-element_type=\"widget\" data-settings=\"{&quot;ekit_we_effect_on&quot;:&quot;none&quot;}\" data-widget_type=\"image.default\">\n\t\t\t\t<div class=\"elementor-widget-container\">\n\t\t\t\t\t\t\t\t\t\t\t\t\t<img loading=\"lazy\" decoding=\"async\" width=\"839\" height=\"187\" src=\"http:\/\/martelonline.pl\/wp-content\/uploads\/2024\/08\/MERITO-Partner.jpg\" class=\"attachment-full size-full wp-image-456\" alt=\"\" srcset=\"http:\/\/martelonline.pl\/wp-content\/uploads\/2024\/08\/MERITO-Partner.jpg 839w, http:\/\/martelonline.pl\/wp-content\/uploads\/2024\/08\/MERITO-Partner-300x67.jpg 300w, http:\/\/martelonline.pl\/wp-content\/uploads\/2024\/08\/MERITO-Partner-768x171.jpg 768w\" sizes=\"(max-width: 839px) 100vw, 839px\" \/>\t\t\t\t\t\t\t\t\t\t\t\t\t<\/div>\n\t\t\t\t<\/div>\n\t\t\t\t\t<\/div>\n\t\t<\/div>\n\t\t\t\t<div class=\"elementor-column elementor-col-50 elementor-inner-column elementor-element elementor-element-8e93b04\" data-id=\"8e93b04\" data-element_type=\"column\" data-settings=\"{&quot;background_background&quot;:&quot;classic&quot;}\">\n\t\t\t<div class=\"elementor-widget-wrap elementor-element-populated\">\n\t\t\t\t\t\t<div class=\"elementor-element elementor-element-cc73358 elementor-widget elementor-widget-heading\" data-id=\"cc73358\" data-element_type=\"widget\" data-settings=\"{&quot;ekit_we_effect_on&quot;:&quot;none&quot;}\" data-widget_type=\"heading.default\">\n\t\t\t\t<div class=\"elementor-widget-container\">\n\t\t\t<h2 class=\"elementor-heading-title elementor-size-default\">Uniwersytetu WSB Merito Warszawa<\/h2>\t\t<\/div>\n\t\t\t\t<\/div>\n\t\t\t\t<div class=\"elementor-element elementor-element-58c9bba elementor-widget elementor-widget-text-editor\" data-id=\"58c9bba\" data-element_type=\"widget\" data-settings=\"{&quot;ekit_we_effect_on&quot;:&quot;none&quot;}\" data-widget_type=\"text-editor.default\">\n\t\t\t\t<div class=\"elementor-widget-container\">\n\t\t\t\t\t\t\t<p>Martel NG partnerem Uniwersytetu WSB Merito Warszawa \u2013 jako, \u017ce wiemy jak wa\u017cne jest\u00a0kszta\u0142cenie m\u0142odych adept\u00f3w transportu i logistyki do\u0142\u0105czyli\u015bmy do programu partnerskiego\u00a0Uniwersytetu WSB Merito w Warszawie. Jako partner wspieramy student\u00f3w w ich sta\u017cach,\u00a0kszta\u0142cimy naszych pracownik\u00f3w w ramach oferty studi\u00f3w oferowanych przez uczelnie oraz\u00a0uczestniczymy w edukacji innych poprzez naszego przedstawiciela, kt\u00f3ry prowadzi zaj\u0119cia\u00a0na ww uczelni. Liczymy, \u017ce nasza wsp\u00f3\u0142praca b\u0119dzie si\u0119 nadal rozwija\u0107 w przysz\u0142o\u015bci dla\u00a0dobra obu stron.<\/p>\t\t\t\t\t\t<\/div>\n\t\t\t\t<\/div>\n\t\t\t\t\t<\/div>\n\t\t<\/div>\n\t\t\t\t\t<\/div>\n\t\t<\/section>\n\t\t\t\t\t<\/div>\n\t\t<\/div>\n\t\t\t\t\t<\/div>\n\t\t<\/section>\n\t\t\t\t<\/div>\n\t\t","protected":false},"excerpt":{"rendered":"<p>O nas Dowiedz si\u0119 wi\u0119cej o naszej firmie! Nasza historia Martel NG powsta\u0142 w 2016 roku jako niezale\u017cny podmiot oferuj\u0105cy us\u0142ugi transportowe, spedycyjne i logistyczne. Wsp\u00f3\u0142pracujemy tylko i wy\u0142\u0105cznie z klientami bezpo\u015brednimi zapewniaj\u0105c im tym samym komfort wsp\u00f3\u0142pracy bezpo\u015bredniej bez dodatkowych koszt\u00f3w zwi\u0105zanych z mno\u017ceniem podmiot\u00f3w na rynku transportowym. Dzi\u0119ki temu nasi klienci wiedz\u0105, \u017ce [&hellip;]<\/p>\n","protected":false},"author":1,"featured_media":0,"parent":0,"menu_order":0,"comment_status":"closed","ping_status":"closed","template":"elementor_header_footer","meta":{"_eb_attr":"","footnotes":""},"class_list":["post-14","page","type-page","status-publish","hentry"],"lang":"pl","translations":{"pl":14,"en":812},"pll_sync_post":[],"_links":{"self":[{"href":"http:\/\/martelonline.pl\/index.php\/wp-json\/wp\/v2\/pages\/14","targetHints":{"allow":["GET"]}}],"collection":[{"href":"http:\/\/martelonline.pl\/index.php\/wp-json\/wp\/v2\/pages"}],"about":[{"href":"http:\/\/martelonline.pl\/index.php\/wp-json\/wp\/v2\/types\/page"}],"author":[{"embeddable":true,"href":"http:\/\/martelonline.pl\/index.php\/wp-json\/wp\/v2\/users\/1"}],"replies":[{"embeddable":true,"href":"http:\/\/martelonline.pl\/index.php\/wp-json\/wp\/v2\/comments?post=14"}],"version-history":[{"count":40,"href":"http:\/\/martelonline.pl\/index.php\/wp-json\/wp\/v2\/pages\/14\/revisions"}],"predecessor-version":[{"id":781,"href":"http:\/\/martelonline.pl\/index.php\/wp-json\/wp\/v2\/pages\/14\/revisions\/781"}],"wp:attachment":[{"href":"http:\/\/martelonline.pl\/index.php\/wp-json\/wp\/v2\/media?parent=14"}],"curies":[{"name":"wp","href":"https:\/\/api.w.org\/{rel}","templated":true}]}}